{"id":43,"date":"2018-05-18T13:26:07","date_gmt":"2018-05-18T13:26:07","guid":{"rendered":"https:\/\/myhome.al\/?page_id=43"},"modified":"2018-05-29T13:56:55","modified_gmt":"2018-05-29T13:56:55","slug":"rreth-nesh","status":"publish","type":"page","link":"https:\/\/myhome.al\/index.php\/rreth-nesh\/","title":{"rendered":"Rreth Nesh"},"content":{"rendered":"<div class=\"wpb-content-wrapper\"><p>[vc_row][vc_column width=&#8221;1\/2&#8243;][vc_custom_heading text=&#8221;\u201cFuqia jon\u00eb \u00ebsht\u00eb \u00e7mimi\u201d&#8221; font_container=&#8221;tag:h3|text_align:left&#8221; google_fonts=&#8221;font_family:Libre%20Baskerville%3Aregular%2Citalic%2C700|font_style:700%20bold%20regular%3A700%3Anormal&#8221; css_animation=&#8221;appear&#8221;][vc_column_text]<\/p>\n<p style=\"text-align: justify;\">My Home shpk eshte themeluar ne vitin 1993 ne Tirane, si nje kompani prodhuese dhe tregtare. Qe prej atehere kompania e ka zgjeruar aktivitetin e saj edhe ne fusha te tjera duke u pershtatur ritmit te shpejte te ndryshimeve dhe kerkesave te tregut shqiptar. Ne vitet e saj te para motoja e kompanise tone ka qene : \u201cFuqia jone eshte cmimi\u201d. Duke u mbeshtetur nga partnere te huaj serioze dhe strategjike aktiviteti I kompanise eshte zgjeruar dhe perfeksionuar.<\/p>\n<p>[\/vc_column_text][\/vc_column][vc_column width=&#8221;1\/2&#8243;][vc_single_image image=&#8221;602&#8243; img_size=&#8221;500X200&#8243; css_animation=&#8221;appear&#8221;][\/vc_column][\/vc_row][vc_row][vc_column width=&#8221;1\/2&#8243;][vc_custom_heading text=&#8221;Misioni Yn\u00eb&#8221; font_container=&#8221;tag:h4|text_align:left&#8221; google_fonts=&#8221;font_family:Libre%20Baskerville%3Aregular%2Citalic%2C700|font_style:700%20bold%20regular%3A700%3Anormal&#8221;][vc_separator color=&#8221;custom&#8221; align=&#8221;align_left&#8221; el_width=&#8221;20&#8243; accent_color=&#8221;#ec2028&#8243;][vc_column_text]<\/p>\n<p style=\"text-align: justify;\">Misioni yn\u00eb \u00ebsht\u00eb duke p\u00ebrdorur p\u00ebrvoj\u00ebn ton\u00eb dhjetravjecare dhe t\u00eb partnereve tan\u00eb<br \/>\nnd\u00ebrkomb\u00ebtar, t\u00eb shtrir\u00eb n\u00eb vende t\u00eb ndryshme t\u00eb Europ\u00ebs, ta rrisim k\u00ebt\u00eb bashk\u00ebpunim\u00a0n\u00eb nivele maksimale. Jemi t\u00eb vet\u00ebdijsh\u00ebm q\u00eb n\u00eb t\u00eb ardhmen do t\u00eb ket\u00eb nevoja t\u00eb theksueshme n\u00eb sektorin energjetik dhe at\u00eb t\u00eb nd\u00ebrtimit, prandaj edhe puna jon\u00eb do t\u00eb jet\u00eb m\u00eb tep\u00ebr e fokusuar n\u00eb k\u00ebt\u00eb\u00a0drejtim, t\u00eb gjetjes s\u00eb bashk\u00ebpun\u00ebtor\u00ebve t\u00eb cil\u00ebt jan\u00eb t\u00eb interesuar dhe jan\u00eb t\u00eb aft\u00eb p\u00ebr t\u00eb realizuar vepra serioze n\u00eb k\u00ebto fusha.<\/p>\n<p>[\/vc_column_text][\/vc_column][vc_column width=&#8221;1\/2&#8243;][vc_custom_heading text=&#8221;Projektet Tona&#8221; font_container=&#8221;tag:h4|text_align:left&#8221; google_fonts=&#8221;font_family:Libre%20Baskerville%3Aregular%2Citalic%2C700|font_style:700%20bold%20regular%3A700%3Anormal&#8221;][vc_separator color=&#8221;custom&#8221; align=&#8221;align_left&#8221; el_width=&#8221;20&#8243; accent_color=&#8221;#ec2028&#8243;][vc_column_text]<\/p>\n<p style=\"text-align: justify;\">N\u00eb bashk\u00ebpunim me fondacione, shoqata t\u00eb ndryshme dhe shoq\u00ebri tregtare nd\u00ebrkomb\u00ebtare ne kemi\u00a0arritur t\u00eb krijojm\u00eb aktivitete, bashk\u00ebpunime serioze n\u00eb tregun shqiptar n\u00eb sektorin e mobilieve, sektorin e nd\u00ebrtimit etj. Ne jemi d\u00ebshmitar t\u00eb nj\u00eb zhvillimi t\u00eb hovsh\u00ebm t\u00eb tregut shqiptar gjat\u00eb tridhjet\u00eb viteve t\u00eb fundit i cili \u00ebsht\u00eb shoq\u00ebruar me krijimin e firmave serioze, me reputacion t\u00eb mir\u00eb dhe t\u00eb kompletuar, me infrastrukture p\u00ebr t\u00eb zhvilluar aktivitete serioze n\u00eb nivele komb\u00ebtare. Projektet tona jan\u00eb n\u00eb sektorin e nd\u00ebrtimit dhe\u00a0fush\u00ebn e energjetik\u00ebs, duke bashk\u00ebpunuar me firmat vendase dhe duke kombinuar k\u00ebto projekte tonat me shoq\u00ebri nd\u00ebrkomb\u00ebtare t\u00eb interesuara p\u00ebr tregun ton\u00eb.<\/p>\n<p>[\/vc_column_text][\/vc_column][\/vc_row][vc_row bg_type=&#8221;image&#8221; parallax_style=&#8221;vcpb-default&#8221; bg_image_new=&#8221;id^52|url^https:\/\/myhome.al\/wp-content\/uploads\/2018\/05\/Untitled-1-2.jpg|caption^null|alt^null|title^Untitled-1|description^null&#8221; bg_image_repeat=&#8221;no-repeat&#8221; bg_override=&#8221;ex-full&#8221; css=&#8221;.vc_custom_1527602209008{margin-bottom: -80px !important;}&#8221;][vc_column][vc_custom_heading text=&#8221;P\u00ebrse T\u00eb Na Zgjidhni Ne&#8221; font_container=&#8221;tag:h2|text_align:center|color:%23ffffff&#8221; google_fonts=&#8221;font_family:Libre%20Baskerville%3Aregular%2Citalic%2C700|font_style:700%20bold%20regular%3A700%3Anormal&#8221;][vc_empty_space][vc_row_inner][vc_column_inner width=&#8221;1\/3&#8243;]<div class=\"aio-icon-component    style_1\"><div id=\"Info-box-wrap-9037\" class=\"aio-icon-box top-icon\" style=\"\"  ><div class=\"aio-icon-top\"><div class=\"ult-just-icon-wrapper  \"><div class=\"align-icon\" style=\"text-align:center;\">\n<div class=\"aio-icon-img \" style=\"font-size:60px;display:inline-block;\" >\n\t<img decoding=\"async\" class=\"img-icon\" alt=\"null\" src=\"https:\/\/myhome.al\/wp-content\/uploads\/2018\/05\/support-1.png\"\/>\n<\/div><\/div><\/div><\/div><div class=\"aio-icon-header\" ><h3 class=\"aio-icon-title ult-responsive\"  data-ultimate-target='#Info-box-wrap-9037 .aio-icon-title'  data-responsive-json-new='{\"font-size\":\"\",\"line-height\":\"\"}'  style=\"color:#ffffff;\">GJITHMON\u00cb T\u00cb DISPONUESH\u00cbM<\/h3><\/div> <!-- header --><div class=\"aio-icon-description ult-responsive\"  data-ultimate-target='#Info-box-wrap-9037 .aio-icon-description'  data-responsive-json-new='{\"font-size\":\"\",\"line-height\":\"\"}'  style=\"\"><\/p>\n<p style=\"text-align: center;\"><span style=\"color: #ffffff;\">Ne jemi gjithmon\u00eb t\u00eb disponuesh\u00ebm p\u00ebr te qene nje bashkepuntor komod per aktivitetin tuaj dhe per t&#8217;ju lehtesuar, mundesuar realizimin e qellimit tuaj.<\/span><\/p>\n<p>&nbsp;<\/p>\n<p><\/div> <!-- description --><\/div> <!-- aio-icon-box --><\/div> <!-- aio-icon-component -->[\/vc_column_inner][vc_column_inner width=&#8221;1\/3&#8243;]<div class=\"aio-icon-component    style_1\"><div id=\"Info-box-wrap-3054\" class=\"aio-icon-box top-icon\" style=\"\"  ><div class=\"aio-icon-top\"><div class=\"ult-just-icon-wrapper  \"><div class=\"align-icon\" style=\"text-align:center;\">\n<div class=\"aio-icon-img \" style=\"font-size:60px;display:inline-block;\" >\n\t<img decoding=\"async\" class=\"img-icon\" alt=\"null\" src=\"https:\/\/myhome.al\/wp-content\/uploads\/2018\/05\/certificate.png\"\/>\n<\/div><\/div><\/div><\/div><div class=\"aio-icon-header\" ><h3 class=\"aio-icon-title ult-responsive\"  data-ultimate-target='#Info-box-wrap-3054 .aio-icon-title'  data-responsive-json-new='{\"font-size\":\"\",\"line-height\":\"\"}'  style=\"color:#ffffff;\">STAF I KUALIFIKUAR<\/h3><\/div> <!-- header --><div class=\"aio-icon-description ult-responsive\"  data-ultimate-target='#Info-box-wrap-3054 .aio-icon-description'  data-responsive-json-new='{\"font-size\":\"\",\"line-height\":\"\"}'  style=\"\"><\/p>\n<p style=\"text-align: center;\"><span style=\"color: #ffffff;\">T\u00eb gjith\u00eb an\u00ebtar\u00ebt e stafit dhe bashkepunetoret tan\u00eb jan\u00eb t\u00eb kualifikuar me t\u00eb gjitha njohurit\u00eb q\u00eb ju nevojiten per fushat perkatese.<\/span><\/p>\n<p><\/div> <!-- description --><\/div> <!-- aio-icon-box --><\/div> <!-- aio-icon-component -->[\/vc_column_inner][vc_column_inner width=&#8221;1\/3&#8243;]<div class=\"aio-icon-component    style_1\"><div id=\"Info-box-wrap-9143\" class=\"aio-icon-box top-icon\" style=\"\"  ><div class=\"aio-icon-top\"><div class=\"ult-just-icon-wrapper  \"><div class=\"align-icon\" style=\"text-align:center;\">\n<div class=\"aio-icon-img \" style=\"font-size:60px;display:inline-block;\" >\n\t<img decoding=\"async\" class=\"img-icon\" alt=\"null\" src=\"https:\/\/myhome.al\/wp-content\/uploads\/2018\/05\/customer-2.png\"\/>\n<\/div><\/div><\/div><\/div><div class=\"aio-icon-header\" ><h3 class=\"aio-icon-title ult-responsive\"  data-ultimate-target='#Info-box-wrap-9143 .aio-icon-title'  data-responsive-json-new='{\"font-size\":\"\",\"line-height\":\"\"}'  style=\"color:#ffffff;\">EKSPERIENC\u00cb<\/h3><\/div> <!-- header --><div class=\"aio-icon-description ult-responsive\"  data-ultimate-target='#Info-box-wrap-9143 .aio-icon-description'  data-responsive-json-new='{\"font-size\":\"\",\"line-height\":\"\"}'  style=\"\"><\/p>\n<p style=\"text-align: center;\"><span style=\"color: #ffffff;\">Eksperienca jone e pasur dhe e bollshme ne fusha te ndryshme na ka bere qete njohim mire nevojat e tregut shqiptar dhe te gatshem perte qene partnere serioze per ju.<\/span><\/p>\n<p><\/div> <!-- description --><\/div> <!-- aio-icon-box --><\/div> <!-- aio-icon-component -->[\/vc_column_inner][\/vc_row_inner][\/vc_column][\/vc_row]<\/p>\n<\/div>","protected":false},"excerpt":{"rendered":"<p>[vc_row][vc_column width=&#8221;1\/2&#8243;][vc_custom_heading text=&#8221;\u201cFuqia jon\u00eb \u00ebsht\u00eb \u00e7mimi\u201d&#8221; font_container=&#8221;tag:h3|text_align:left&#8221; google_fonts=&#8221;font_family:Libre%20Baskerville%3Aregular%2Citalic%2C700|font_style:700%20bold%20regular%3A700%3Anormal&#8221; css_animation=&#8221;appear&#8221;][vc_column_text] My Home shpk eshte themeluar ne vitin 1993 ne Tirane, si nje kompani prodhuese dhe tregtare. Qe prej atehere kompania e ka zgjeruar aktivitetin e saj edhe ne fusha te tjera duke u pershtatur ritmit te shpejte te ndryshimeve dhe kerkesave te tregut shqiptar. Ne vitet&hellip;<\/p>\n","protected":false},"author":3,"featured_media":0,"parent":0,"menu_order":0,"comment_status":"closed","ping_status":"closed","template":"","meta":{"footnotes":""},"class_list":["post-43","page","type-page","status-publish","hentry","description-off"],"_links":{"self":[{"href":"https:\/\/myhome.al\/index.php\/wp-json\/wp\/v2\/pages\/43","targetHints":{"allow":["GET"]}}],"collection":[{"href":"https:\/\/myhome.al\/index.php\/wp-json\/wp\/v2\/pages"}],"about":[{"href":"https:\/\/myhome.al\/index.php\/wp-json\/wp\/v2\/types\/page"}],"author":[{"embeddable":true,"href":"https:\/\/myhome.al\/index.php\/wp-json\/wp\/v2\/users\/3"}],"replies":[{"embeddable":true,"href":"https:\/\/myhome.al\/index.php\/wp-json\/wp\/v2\/comments?post=43"}],"version-history":[{"count":24,"href":"https:\/\/myhome.al\/index.php\/wp-json\/wp\/v2\/pages\/43\/revisions"}],"predecessor-version":[{"id":794,"href":"https:\/\/myhome.al\/index.php\/wp-json\/wp\/v2\/pages\/43\/revisions\/794"}],"wp:attachment":[{"href":"https:\/\/myhome.al\/index.php\/wp-json\/wp\/v2\/media?parent=43"}],"curies":[{"name":"wp","href":"https:\/\/api.w.org\/{rel}","templated":true}]}}