{"id":647,"date":"2018-05-28T08:42:06","date_gmt":"2018-05-28T08:42:06","guid":{"rendered":"https:\/\/myhome.al\/?page_id=647"},"modified":"2018-05-29T13:42:09","modified_gmt":"2018-05-29T13:42:09","slug":"sherbime-energjitike","status":"publish","type":"page","link":"https:\/\/myhome.al\/index.php\/sherbime-energjitike\/","title":{"rendered":"FUSHA ENERGJITIKE"},"content":{"rendered":"<div class=\"wpb-content-wrapper\"><p>[vc_row css=&#8221;.vc_custom_1527496919267{margin-bottom: -40px !important;}&#8221;][vc_column width=&#8221;1\/2&#8243;][vc_empty_space height=&#8221;20px&#8221;][vc_column_text]<\/p>\n<p style=\"text-align: justify;\">Zhvillimi i hovsh\u00ebm i shoq\u00ebris\u00eb shqiptare ka sjell\u00eb nevoj\u00ebn e madhe p\u00ebr energji e cila mbi 50 % sigurohet nga importi me \u00e7mime t\u00eb larta duke r\u00ebnduar ekonomin\u00eb shqiptare. Duke marr\u00eb n\u00eb konsiderat\u00eb q\u00eb Shqip\u00ebria \u00ebsht\u00eb nj\u00eb nd\u00ebr v\u00ebndet m\u00eb t\u00eb\u00a0pasura me burime natyrore si ato hidrike ashtu edhe diellore, gjithashtu duke q\u00ebn\u00eb se\u00a0jemi nj\u00eb vend n\u00eb pro\u00e7es e sip\u00ebr p\u00ebr antar\u00ebsim n\u00eb BE ku \u00ebsht\u00eb aprovuar ligji q\u00eb deri n\u00eb vitin 2030 t\u00eb mbulohen nevojat energjetike 27 % me energji t\u00eb rinovueshme. Shfryt\u00ebzimi i burimeve natyrore p\u00ebr t\u00eb prodhuar energji\u00a0 t\u00eb\u00a0rinovueshme n\u00eb Shqip\u00ebri do t\u00eb jet\u00eb perspektive e sigurt\u00eb e biznesit n\u00eb shqip\u00ebri. Shoq\u00ebria jon\u00eb planifikon\u00a0 t\u00eb fokusoj\u00eb m\u00eb tep\u00ebr potencialet e veta njer\u00ebzore dhe financiare n\u00eb\u00a0drejtim t\u00eb realizimit t\u00eb\u00a0projekteve p\u00ebr prodhimin e energjis\u00eb elektrike t\u00eb rinovueshme. Ne disponojm\u00eb studime t\u00eb mir\u00ebfillta nga shoq\u00ebri t\u00eb li\u00e7ensuara, me t\u00eb\u00a0cilat jemi n\u00eb negociata me partnere t\u00eb fuqish\u00ebm n\u00eb k\u00ebto fusha p\u00ebr t&#8217;i realizuar.<\/p>\n<p>[\/vc_column_text][\/vc_column][vc_column width=&#8221;1\/2&#8243;]<div id=\"ult-carousel-98953394669d43f7cd98ba\" class=\"ult-carousel-wrapper   ult_horizontal\" data-gutter=\"15\" data-rtl=\"false\" ><div class=\"ult-carousel-108667336269d43f7cd97b8 \" >[vc_single_image image=&#8221;739&#8243; img_size=&#8221;full&#8221; alignment=&#8221;center&#8221; onclick=&#8221;link_image&#8221; image_hovers=&#8221;false&#8221;][vc_single_image image=&#8221;658&#8243; img_size=&#8221;full&#8221; alignment=&#8221;center&#8221; onclick=&#8221;link_image&#8221; image_hovers=&#8221;false&#8221;][vc_single_image image=&#8221;660&#8243; img_size=&#8221;full&#8221; alignment=&#8221;center&#8221; onclick=&#8221;link_image&#8221; image_hovers=&#8221;false&#8221;][vc_single_image image=&#8221;773&#8243; img_size=&#8221;full&#8221; alignment=&#8221;center&#8221; onclick=&#8221;link_image&#8221; image_hovers=&#8221;false&#8221;][vc_single_image image=&#8221;770&#8243; img_size=&#8221;full&#8221; alignment=&#8221;center&#8221; onclick=&#8221;link_image&#8221; image_hovers=&#8221;false&#8221;]<\/div><\/div>\t\t\t<script type=\"text\/javascript\">\n\t\t\t\tjQuery(document).ready(function ($) {\n\t\t\t\t\tif( typeof jQuery('.ult-carousel-108667336269d43f7cd97b8').slick == \"function\"){\n\t\t\t\t\t\t$('.ult-carousel-108667336269d43f7cd97b8').slick({dots: true,autoplay: true,autoplaySpeed: \"3000\",speed: \"3000\",infinite: true,arrows: true,nextArrow: '<button type=\"button\" role=\"button\" aria-label=\"Next\" style=\"color:#333333; font-size:20px;\" class=\"slick-next default\"><i class=\"ultsl-arrow-right4\"><\/i><\/button>',prevArrow: '<button type=\"button\" role=\"button\" aria-label=\"Previous\" style=\"color:#333333; font-size:20px;\" class=\"slick-prev default\"><i class=\"ultsl-arrow-left4\"><\/i><\/button>',slidesToScroll:1,slidesToShow:1,swipe: true,draggable: true,touchMove: true,pauseOnHover: true,pauseOnFocus: false,responsive: [\n\t\t\t\t\t\t\t{\n\t\t\t\t\t\t\t  breakpoint: 1026,\n\t\t\t\t\t\t\t  settings: {\n\t\t\t\t\t\t\t\tslidesToShow: 1,\n\t\t\t\t\t\t\t\tslidesToScroll: 1,  \n\t\t\t\t\t\t\t  }\n\t\t\t\t\t\t\t},\n\t\t\t\t\t\t\t{\n\t\t\t\t\t\t\t  breakpoint: 1025,\n\t\t\t\t\t\t\t  settings: {\n\t\t\t\t\t\t\t\tslidesToShow: 1,\n\t\t\t\t\t\t\t\tslidesToScroll: 1\n\t\t\t\t\t\t\t  }\n\t\t\t\t\t\t\t},\n\t\t\t\t\t\t\t{\n\t\t\t\t\t\t\t  breakpoint: 760,\n\t\t\t\t\t\t\t  settings: {\n\t\t\t\t\t\t\t\tslidesToShow: 1,\n\t\t\t\t\t\t\t\tslidesToScroll: 1\n\t\t\t\t\t\t\t  }\n\t\t\t\t\t\t\t}\n\t\t\t\t\t\t],pauseOnDotsHover: true,customPaging: function(slider, i) {\n                   return '<i type=\"button\" style= \"color:#333333;\" class=\"ultsl-record\" data-role=\"none\"><\/i>';\n                },});\n\t\t\t\t\t}\n\t\t\t\t});\n\t\t\t<\/script>\n\t\t\t[\/vc_column][\/vc_row]<\/p>\n<\/div>","protected":false},"excerpt":{"rendered":"<p>[vc_row css=&#8221;.vc_custom_1527496919267{margin-bottom: -40px !important;}&#8221;][vc_column width=&#8221;1\/2&#8243;][vc_empty_space height=&#8221;20px&#8221;][vc_column_text] Zhvillimi i hovsh\u00ebm i shoq\u00ebris\u00eb shqiptare ka sjell\u00eb nevoj\u00ebn e madhe p\u00ebr energji e cila mbi 50 % sigurohet nga importi me \u00e7mime t\u00eb larta duke r\u00ebnduar ekonomin\u00eb shqiptare. Duke marr\u00eb n\u00eb konsiderat\u00eb q\u00eb Shqip\u00ebria \u00ebsht\u00eb nj\u00eb nd\u00ebr v\u00ebndet m\u00eb t\u00eb\u00a0pasura me burime natyrore si ato hidrike ashtu edhe&hellip;<\/p>\n","protected":false},"author":3,"featured_media":0,"parent":0,"menu_order":0,"comment_status":"closed","ping_status":"closed","template":"","meta":{"footnotes":""},"class_list":["post-647","page","type-page","status-publish","hentry","description-off"],"_links":{"self":[{"href":"https:\/\/myhome.al\/index.php\/wp-json\/wp\/v2\/pages\/647","targetHints":{"allow":["GET"]}}],"collection":[{"href":"https:\/\/myhome.al\/index.php\/wp-json\/wp\/v2\/pages"}],"about":[{"href":"https:\/\/myhome.al\/index.php\/wp-json\/wp\/v2\/types\/page"}],"author":[{"embeddable":true,"href":"https:\/\/myhome.al\/index.php\/wp-json\/wp\/v2\/users\/3"}],"replies":[{"embeddable":true,"href":"https:\/\/myhome.al\/index.php\/wp-json\/wp\/v2\/comments?post=647"}],"version-history":[{"count":12,"href":"https:\/\/myhome.al\/index.php\/wp-json\/wp\/v2\/pages\/647\/revisions"}],"predecessor-version":[{"id":782,"href":"https:\/\/myhome.al\/index.php\/wp-json\/wp\/v2\/pages\/647\/revisions\/782"}],"wp:attachment":[{"href":"https:\/\/myhome.al\/index.php\/wp-json\/wp\/v2\/media?parent=647"}],"curies":[{"name":"wp","href":"https:\/\/api.w.org\/{rel}","templated":true}]}}