{"id":71,"date":"2018-05-18T13:53:09","date_gmt":"2018-05-18T13:53:09","guid":{"rendered":"https:\/\/myhome.al\/?page_id=71"},"modified":"2020-01-21T14:25:52","modified_gmt":"2020-01-21T14:25:52","slug":"produkte","status":"publish","type":"page","link":"https:\/\/myhome.al\/index.php\/produkte\/","title":{"rendered":"Produkte"},"content":{"rendered":"<div class=\"wpb-content-wrapper\"><p>[vc_row css=&#8221;.vc_custom_1526651579013{margin-top: -40px !important;}&#8221;][vc_column width=&#8221;1\/3&#8243; css=&#8221;.vc_custom_1526650618894{background-image: url(https:\/\/myhome.al\/wp-content\/uploads\/2018\/05\/R.png?id=80) !important;background-position: 0 0 !important;background-repeat: no-repeat !important;}&#8221;][vc_empty_space height=&#8221;5px&#8221;]<div class=\"ult-content-box-container \" >\t\t<div class=\"ult-content-box\" style=\"background-color:rgba(236,28,36,0.57);box-shadow: px px px px none;padding:30px;margin:30px;-webkit-transition: all 700ms ease;-moz-transition: all 700ms ease;-ms-transition: all 700ms ease;-o-transition: all 700ms ease;transition: all 700ms ease;\"  data-hover_box_shadow=\"none\"    data-normal_margins=\"margin:30px;\"   data-bg=\"rgba(236,28,36,0.57)\" ><div class=\"aio-icon-component    style_1\"><a class=\"aio-icon-box-link\" href=\"https:\/\/www.myhome.al\/index.php\/dhoma-ndenje\/\" ><div id=\"Info-box-wrap-3308\" class=\"aio-icon-box top-icon\" style=\"\"  ><div class=\"aio-icon-top\"><div class=\"ult-just-icon-wrapper  \"><div class=\"align-icon\" style=\"text-align:center;\">\n<div class=\"aio-icon-img \" style=\"font-size:100px;display:inline-block;\" >\n\t<img decoding=\"async\" class=\"img-icon\" alt=\"null\" src=\"https:\/\/myhome.al\/wp-content\/uploads\/2018\/05\/living-room.png\"\/>\n<\/div><\/div><\/div><\/div><div class=\"aio-icon-header\" ><h2 class=\"aio-icon-title ult-responsive\"  data-ultimate-target='#Info-box-wrap-3308 .aio-icon-title'  data-responsive-json-new='{\"font-size\":\"\",\"line-height\":\"\"}'  style=\"color:#ffffff;\">Dhoma Ndenje<\/h2><\/div> <!-- header --><\/div> <!-- aio-icon-box --><\/a><\/div> <!-- aio-icon-component -->\t\t<\/div><\/div>[\/vc_column][vc_column width=&#8221;1\/3&#8243; css=&#8221;.vc_custom_1526650847961{background-image: url(https:\/\/myhome.al\/wp-content\/uploads\/2018\/05\/g.png?id=88) !important;background-position: 0 0 !important;background-repeat: no-repeat !important;}&#8221;][vc_empty_space height=&#8221;5px&#8221;]<div class=\"ult-content-box-container \" >\t\t<div class=\"ult-content-box\" style=\"background-color:rgba(236,28,36,0.57);box-shadow: px px px px none;padding:30px;margin:30px;-webkit-transition: all 700ms ease;-moz-transition: all 700ms ease;-ms-transition: all 700ms ease;-o-transition: all 700ms ease;transition: all 700ms ease;\"  data-hover_box_shadow=\"none\"    data-normal_margins=\"margin:30px;\"   data-bg=\"rgba(236,28,36,0.57)\" ><div class=\"aio-icon-component    style_1\"><a class=\"aio-icon-box-link\" href=\"https:\/\/www.myhome.al\/index.php\/dhoma-gjumi\/\" ><div id=\"Info-box-wrap-6725\" class=\"aio-icon-box top-icon\" style=\"\"  ><div class=\"aio-icon-top\"><div class=\"ult-just-icon-wrapper  \"><div class=\"align-icon\" style=\"text-align:center;\">\n<div class=\"aio-icon-img \" style=\"font-size:100px;display:inline-block;\" >\n\t<img decoding=\"async\" class=\"img-icon\" alt=\"null\" src=\"https:\/\/myhome.al\/wp-content\/uploads\/2018\/05\/bed-1.png\"\/>\n<\/div><\/div><\/div><\/div><div class=\"aio-icon-header\" ><h2 class=\"aio-icon-title ult-responsive\"  data-ultimate-target='#Info-box-wrap-6725 .aio-icon-title'  data-responsive-json-new='{\"font-size\":\"\",\"line-height\":\"\"}'  style=\"color:#ffffff;\">Dhoma Gjumi<\/h2><\/div> <!-- header --><\/div> <!-- aio-icon-box --><\/a><\/div> <!-- aio-icon-component -->\t\t<\/div><\/div>[\/vc_column][vc_column width=&#8221;1\/3&#8243; css=&#8221;.vc_custom_1526651110860{background-image: url(https:\/\/myhome.al\/wp-content\/uploads\/2018\/05\/kuzhina.png?id=92) !important;background-position: 0 0 !important;background-repeat: no-repeat !important;}&#8221;][vc_empty_space height=&#8221;5px&#8221;]<div class=\"ult-content-box-container \" >\t\t<div class=\"ult-content-box\" style=\"background-color:rgba(236,28,36,0.57);box-shadow: px px px px none;padding:30px;margin:30px;-webkit-transition: all 700ms ease;-moz-transition: all 700ms ease;-ms-transition: all 700ms ease;-o-transition: all 700ms ease;transition: all 700ms ease;\"  data-hover_box_shadow=\"none\"    data-normal_margins=\"margin:30px;\"   data-bg=\"rgba(236,28,36,0.57)\" ><div class=\"aio-icon-component    style_1\"><a class=\"aio-icon-box-link\" href=\"https:\/\/www.myhome.al\/index.php\/kuzhina\/\" ><div id=\"Info-box-wrap-8852\" class=\"aio-icon-box top-icon\" style=\"\"  ><div class=\"aio-icon-top\"><div class=\"ult-just-icon-wrapper  \"><div class=\"align-icon\" style=\"text-align:center;\">\n<div class=\"aio-icon-img \" style=\"font-size:100px;display:inline-block;\" >\n\t<img decoding=\"async\" class=\"img-icon\" alt=\"null\" src=\"https:\/\/myhome.al\/wp-content\/uploads\/2018\/05\/kitchen-1.png\"\/>\n<\/div><\/div><\/div><\/div><div class=\"aio-icon-header\" ><h2 class=\"aio-icon-title ult-responsive\"  data-ultimate-target='#Info-box-wrap-8852 .aio-icon-title'  data-responsive-json-new='{\"font-size\":\"\",\"line-height\":\"\"}'  style=\"color:#ffffff;\">Kuzhina<\/h2><\/div> <!-- header --><\/div> <!-- aio-icon-box --><\/a><\/div> <!-- aio-icon-component -->\t\t<\/div><\/div>[\/vc_column][\/vc_row][vc_row][vc_column][vc_empty_space height=&#8221;20px&#8221;][\/vc_column][\/vc_row][vc_row][vc_column width=&#8221;1\/3&#8243; css=&#8221;.vc_custom_1526651313550{background-image: url(https:\/\/myhome.al\/wp-content\/uploads\/2018\/05\/zyra.png?id=97) !important;background-position: 0 0 !important;background-repeat: no-repeat !important;}&#8221;][vc_empty_space height=&#8221;5px&#8221;]<div class=\"ult-content-box-container \" >\t\t<div class=\"ult-content-box\" style=\"background-color:rgba(236,28,36,0.57);box-shadow: px px px px none;padding:30px;margin:30px;-webkit-transition: all 700ms ease;-moz-transition: all 700ms ease;-ms-transition: all 700ms ease;-o-transition: all 700ms ease;transition: all 700ms ease;\"  data-hover_box_shadow=\"none\"    data-normal_margins=\"margin:30px;\"   data-bg=\"rgba(236,28,36,0.57)\" ><div class=\"aio-icon-component    style_1\"><a class=\"aio-icon-box-link\" href=\"https:\/\/www.myhome.al\/index.php\/185-2\/\" ><div id=\"Info-box-wrap-7232\" class=\"aio-icon-box top-icon\" style=\"\"  ><div class=\"aio-icon-top\"><div class=\"ult-just-icon-wrapper  \"><div class=\"align-icon\" style=\"text-align:center;\">\n<div class=\"aio-icon-img \" style=\"font-size:100px;display:inline-block;\" >\n\t<img decoding=\"async\" class=\"img-icon\" alt=\"null\" src=\"https:\/\/myhome.al\/wp-content\/uploads\/2018\/05\/office.png\"\/>\n<\/div><\/div><\/div><\/div><div class=\"aio-icon-header\" ><h2 class=\"aio-icon-title ult-responsive\"  data-ultimate-target='#Info-box-wrap-7232 .aio-icon-title'  data-responsive-json-new='{\"font-size\":\"\",\"line-height\":\"\"}'  style=\"color:#ffffff;\">Zyra<\/h2><\/div> <!-- header --><\/div> <!-- aio-icon-box --><\/a><\/div> <!-- aio-icon-component -->\t\t<\/div><\/div>[\/vc_column][vc_column width=&#8221;1\/3&#8243; css=&#8221;.vc_custom_1526651340796{background-image: url(https:\/\/myhome.al\/wp-content\/uploads\/2018\/05\/bar.png?id=95) !important;background-position: 0 0 !important;background-repeat: no-repeat !important;}&#8221;][vc_empty_space height=&#8221;5px&#8221;]<div class=\"ult-content-box-container \" >\t\t<div class=\"ult-content-box\" style=\"background-color:rgba(236,28,36,0.57);box-shadow: px px px px none;padding:30px;margin:30px;-webkit-transition: all 700ms ease;-moz-transition: all 700ms ease;-ms-transition: all 700ms ease;-o-transition: all 700ms ease;transition: all 700ms ease;\"  data-hover_box_shadow=\"none\"    data-normal_margins=\"margin:30px;\"   data-bg=\"rgba(236,28,36,0.57)\" ><div class=\"aio-icon-component    style_1\"><a class=\"aio-icon-box-link\" href=\"https:\/\/www.myhome.al\/index.php\/bar-hotele\/\" ><div id=\"Info-box-wrap-6772\" class=\"aio-icon-box top-icon\" style=\"\"  ><div class=\"aio-icon-top\"><div class=\"ult-just-icon-wrapper  \"><div class=\"align-icon\" style=\"text-align:center;\">\n<div class=\"aio-icon-img \" style=\"font-size:100px;display:inline-block;\" >\n\t<img decoding=\"async\" class=\"img-icon\" alt=\"null\" src=\"https:\/\/myhome.al\/wp-content\/uploads\/2018\/05\/teacup-and-sauce.png\"\/>\n<\/div><\/div><\/div><\/div><div class=\"aio-icon-header\" ><h2 class=\"aio-icon-title ult-responsive\"  data-ultimate-target='#Info-box-wrap-6772 .aio-icon-title'  data-responsive-json-new='{\"font-size\":\"\",\"line-height\":\"\"}'  style=\"color:#ffffff;\">Bar &amp; Hotele<\/h2><\/div> <!-- header --><\/div> <!-- aio-icon-box --><\/a><\/div> <!-- aio-icon-component -->\t\t<\/div><\/div>[\/vc_column][vc_column width=&#8221;1\/3&#8243; css=&#8221;.vc_custom_1526651398501{background-image: url(https:\/\/myhome.al\/wp-content\/uploads\/2018\/05\/dyer.png?id=96) !important;background-position: 0 0 !important;background-repeat: no-repeat !important;}&#8221;][vc_empty_space height=&#8221;5px&#8221;]<div class=\"ult-content-box-container \" >\t\t<div class=\"ult-content-box\" style=\"background-color:rgba(236,28,36,0.57);box-shadow: px px px px none;padding:30px;margin:30px;-webkit-transition: all 700ms ease;-moz-transition: all 700ms ease;-ms-transition: all 700ms ease;-o-transition: all 700ms ease;transition: all 700ms ease;\"  data-hover_box_shadow=\"none\"    data-normal_margins=\"margin:30px;\"   data-bg=\"rgba(236,28,36,0.57)\" ><div class=\"aio-icon-component    style_1\"><a class=\"aio-icon-box-link\" href=\"https:\/\/www.myhome.al\/index.php\/dyer\/\" ><div id=\"Info-box-wrap-1933\" class=\"aio-icon-box top-icon\" style=\"\"  ><div class=\"aio-icon-top\"><div class=\"ult-just-icon-wrapper  \"><div class=\"align-icon\" style=\"text-align:center;\">\n<div class=\"aio-icon-img \" style=\"font-size:100px;display:inline-block;\" >\n\t<img decoding=\"async\" class=\"img-icon\" alt=\"null\" src=\"https:\/\/myhome.al\/wp-content\/uploads\/2018\/05\/open-exit-door-1.png\"\/>\n<\/div><\/div><\/div><\/div><div class=\"aio-icon-header\" ><h2 class=\"aio-icon-title ult-responsive\"  data-ultimate-target='#Info-box-wrap-1933 .aio-icon-title'  data-responsive-json-new='{\"font-size\":\"\",\"line-height\":\"\"}'  style=\"color:#ffffff;\">Dyer<\/h2><\/div> <!-- header --><\/div> <!-- aio-icon-box --><\/a><\/div> <!-- aio-icon-component -->\t\t<\/div><\/div>[\/vc_column][\/vc_row][vc_row][vc_column][vc_empty_space][\/vc_column][\/vc_row][vc_row css=&#8221;.vc_custom_1527493691499{border-top-width: 2px !important;border-right-width: 2px !important;border-bottom-width: 2px !important;border-left-width: 2px !important;border-left-color: #ec2028 !important;border-left-style: solid !important;border-right-color: #ec2028 !important;border-right-style: solid !important;border-top-color: #ec2028 !important;border-top-style: solid !important;border-bottom-color: #ec2028 !important;border-bottom-style: solid !important;}&#8221;][vc_column][vc_column_text]Gjithashtu kemi kontribuar n\u00eb rind\u00ebrtimin e t\u00eb gjitha kinemave shqiptare n\u00eb qytete si: Tiran\u00eb , Durr\u00ebs, Elbasan, Shkod\u00ebr, Vlor\u00eb ,Sarand\u00eb. N\u00eb MY Home jo vet\u00ebm do t\u00eb gjeni sht\u00ebpin\u00eb tuaj ideale n\u00ebp\u00ebrmjet produkteve cil\u00ebsore dhe elegante, por edhe m\u00eb shum\u00eb se kaq. Kompania jone duke shfryt\u00ebzuar p\u00ebrvoj\u00ebn e saj n\u00eb prodhim e ka shtrir\u00eb aktivitetin e saj edhe n\u00eb fush\u00ebn e nd\u00ebrtimit. Ne I kushtojm\u00eb nj\u00eb r\u00ebnd\u00ebsi t\u00eb madhe\u00a0t\u00eb krijuarit t\u00eb ideve dhe projekteve t\u00eb m\u00ebdha duke ju dh\u00ebn\u00eb mund\u00ebsin\u00eb p\u00ebr t\u00eb zgjedhur ambjentin tuaj perfekt p\u00ebr t\u00eb jetuar me komoditetin maksimal. Meq\u00ebn\u00ebse Shqip\u00ebria \u00ebsht\u00eb nj\u00eb vend I bekuar nga Dielli kompania jon\u00eb ka ambicien t\u00eb fokusohet n\u00eb krijimin e energjis\u00eb s\u00eb gjelber, p\u00ebr t\u00eb ndotur sa m\u00eb pak ambjentin dhe p\u00ebr t\u00eb plot\u00ebsuar nevojat e tregut vendas dhe nd\u00ebrkomb\u00ebtar.[\/vc_column_text][\/vc_column][\/vc_row][vc_row][vc_column][vc_empty_space][\/vc_column][\/vc_row][vc_row bg_type=&#8221;image&#8221; parallax_style=&#8221;vcpb-default&#8221; bg_image_new=&#8221;id^616|url^https:\/\/myhome.al\/wp-content\/uploads\/2018\/05\/PARA.png|caption^null|alt^null|title^PARA|description^null&#8221; bg_image_repeat=&#8221;no-repeat&#8221; bg_override=&#8221;ex-full&#8221; css=&#8221;.vc_custom_1527262983404{margin-bottom: -70px !important;}&#8221;][vc_column width=&#8221;2\/3&#8243;][vc_column_text]<\/p>\n<h3><span style=\"color: #ffffff;\">Kompania jon\u00eb \u00ebsht\u00eb e hapur p\u00ebr bashk\u00ebpunime dinjitoze n\u00eb tregun komb\u00ebtar &amp; nd\u00ebrkomb\u00ebtar.N\u00ebse d\u00ebshironi t\u00eb bashk\u00ebpunoni me ne , ju lutem na kontaktoni.<\/span><\/h3>\n<p>[\/vc_column_text][\/vc_column][vc_column width=&#8221;1\/3&#8243;][vc_btn title=&#8221;NA KONTAKTONI&#8221; style=&#8221;outline-custom&#8221; outline_custom_color=&#8221;#ffffff&#8221; outline_custom_hover_background=&#8221;#dd3333&#8243; outline_custom_hover_text=&#8221;#ffffff&#8221; shape=&#8221;square&#8221; link=&#8221;url:https%3A%2F%2Fmyhome.al%2Findex.php%2Fkontakt%2F|||&#8221;][\/vc_column][\/vc_row]<\/p>\n<\/div>","protected":false},"excerpt":{"rendered":"<p>[vc_row css=&#8221;.vc_custom_1526651579013{margin-top: -40px !important;}&#8221;][vc_column width=&#8221;1\/3&#8243; css=&#8221;.vc_custom_1526650618894{background-image: url(https:\/\/myhome.al\/wp-content\/uploads\/2018\/05\/R.png?id=80) !important;background-position: 0 0 !important;background-repeat: no-repeat !important;}&#8221;][vc_empty_space height=&#8221;5px&#8221;][\/vc_column][vc_column width=&#8221;1\/3&#8243; css=&#8221;.vc_custom_1526650847961{background-image: url(https:\/\/myhome.al\/wp-content\/uploads\/2018\/05\/g.png?id=88) !important;background-position: 0 0 !important;background-repeat: no-repeat !important;}&#8221;][vc_empty_space height=&#8221;5px&#8221;][\/vc_column][vc_column width=&#8221;1\/3&#8243; css=&#8221;.vc_custom_1526651110860{background-image: url(https:\/\/myhome.al\/wp-content\/uploads\/2018\/05\/kuzhina.png?id=92) !important;background-position: 0 0 !important;background-repeat: no-repeat !important;}&#8221;][vc_empty_space height=&#8221;5px&#8221;][\/vc_column][\/vc_row][vc_row][vc_column][vc_empty_space height=&#8221;20px&#8221;][\/vc_column][\/vc_row][vc_row][vc_column width=&#8221;1\/3&#8243; css=&#8221;.vc_custom_1526651313550{background-image: url(https:\/\/myhome.al\/wp-content\/uploads\/2018\/05\/zyra.png?id=97) !important;background-position: 0 0 !important;background-repeat: no-repeat !important;}&#8221;][vc_empty_space height=&#8221;5px&#8221;][\/vc_column][vc_column width=&#8221;1\/3&#8243; css=&#8221;.vc_custom_1526651340796{background-image: url(https:\/\/myhome.al\/wp-content\/uploads\/2018\/05\/bar.png?id=95) !important;background-position: 0 0 !important;background-repeat: no-repeat !important;}&#8221;][vc_empty_space height=&#8221;5px&#8221;][\/vc_column][vc_column&hellip;<\/p>\n","protected":false},"author":3,"featured_media":0,"parent":0,"menu_order":0,"comment_status":"closed","ping_status":"closed","template":"","meta":{"footnotes":""},"class_list":["post-71","page","type-page","status-publish","hentry","description-off"],"_links":{"self":[{"href":"https:\/\/myhome.al\/index.php\/wp-json\/wp\/v2\/pages\/71","targetHints":{"allow":["GET"]}}],"collection":[{"href":"https:\/\/myhome.al\/index.php\/wp-json\/wp\/v2\/pages"}],"about":[{"href":"https:\/\/myhome.al\/index.php\/wp-json\/wp\/v2\/types\/page"}],"author":[{"embeddable":true,"href":"https:\/\/myhome.al\/index.php\/wp-json\/wp\/v2\/users\/3"}],"replies":[{"embeddable":true,"href":"https:\/\/myhome.al\/index.php\/wp-json\/wp\/v2\/comments?post=71"}],"version-history":[{"count":30,"href":"https:\/\/myhome.al\/index.php\/wp-json\/wp\/v2\/pages\/71\/revisions"}],"predecessor-version":[{"id":424,"href":"https:\/\/myhome.al\/index.php\/wp-json\/wp\/v2\/pages\/71\/revisions\/424"}],"wp:attachment":[{"href":"https:\/\/myhome.al\/index.php\/wp-json\/wp\/v2\/media?parent=71"}],"curies":[{"name":"wp","href":"https:\/\/api.w.org\/{rel}","templated":true}]}}