{"id":716,"date":"2018-05-28T09:26:27","date_gmt":"2018-05-28T09:26:27","guid":{"rendered":"https:\/\/myhome.al\/?page_id=716"},"modified":"2018-05-30T08:49:01","modified_gmt":"2018-05-30T08:49:01","slug":"bashkepuno-me-ne","status":"publish","type":"page","link":"https:\/\/myhome.al\/index.php\/bashkepuno-me-ne\/","title":{"rendered":"BASHK\u00cbPUNO ME NE"},"content":{"rendered":"<div class=\"wpb-content-wrapper\"><p>[vc_row][vc_column][vc_column_text]<\/p>\n<h3 style=\"text-align: justify;\">Kompania jon\u00eb \u00ebsht\u00eb n\u00eb kontakt t\u00eb vazhduesh\u00ebm me partner\u00eb komb\u00ebtar dhe nd\u00ebrkomb\u00ebtar. Ne u krijojm\u00eb mundesin\u00eb prodhuesve vendas p\u00ebr t\u00eb eksportuar produktet e tyre n\u00eb tregjet europiane. Gjithashtu jemi t\u00eb gatsh\u00ebm p\u00ebr t&#8217;ju krijuar partner\u00ebve nd\u00ebrkombetar akses sa m\u00eb t\u00eb leht\u00eb n\u00eb tregun shqiptar. P\u00ebr t\u00eb gjith\u00eb ata q\u00eb jane t\u00eb interesuar p\u00ebr k\u00ebto sh\u00ebrbime, ne jemi t\u00eb gasht\u00ebm t\u00eb bashk\u00ebpunojm\u00eb p\u00ebr realizimin e q\u00ebllimit tuaj.<\/h3>\n<p>[\/vc_column_text][\/vc_column][\/vc_row][vc_row][vc_column]<form class=\"dt-contact-form dt-form\" method=\"post\"><input type=\"hidden\" name=\"widget_id\" value=\"presscore-contact-form-widget--1\" \/><input type=\"hidden\" name=\"send_message\" value=\"\" \/><input type=\"hidden\" name=\"security_token\" value=\"\"\/><div class=\"form-fields\"><span class=\"form-name\"><label class=\"assistive-text\">Name *<\/label><input type=\"text\" class=\"validate[required]\" placeholder=\"Name *\" name=\"name\" value=\"\" aria-required=\"true\">\n<\/span><span class=\"form-mail\"><label class=\"assistive-text\">E-mail *<\/label><input type=\"text\" class=\"validate[required,custom[email]]\" placeholder=\"E-mail *\" name=\"email\" value=\"\" aria-required=\"true\">\n<\/span><span class=\"form-telephone\"><label class=\"assistive-text\">Telephone *<\/label><input type=\"text\" class=\"validate[required,custom[phone]]\" placeholder=\"Telephone *\" name=\"telephone\" value=\"\" aria-required=\"true\">\n<\/span><span class=\"form-city\"><label class=\"assistive-text\">City *<\/label><input type=\"text\" class=\"validate[required]\" placeholder=\"City *\" name=\"city\" value=\"\" aria-required=\"true\">\n<\/span><span class=\"form-company\"><label class=\"assistive-text\">Company *<\/label><input type=\"text\" class=\"validate[required]\" placeholder=\"Company *\" name=\"company\" value=\"\" aria-required=\"true\">\n<\/span><span class=\"form-website\"><label class=\"assistive-text\">Website *<\/label><input type=\"text\" class=\"validate[required,custom[url]]\" placeholder=\"Website *\" name=\"website\" value=\"\" aria-required=\"true\">\n<\/span><\/div><span class=\"form-message\"><label class=\"assistive-text\">Message *<\/label><textarea class=\"validate[required]\" placeholder=\"Message *\" name=\"message\" rows=\"6\" aria-required=\"true\"><\/textarea>\n<\/span><p><a href=\"#\" class=\"dt-btn dt-btn-m dt-btn-submit\" rel=\"nofollow\"><span>D\u00ebrgo Mesazhin<\/span><\/a><input class=\"assistive-text\" type=\"submit\" value=\"submit\"><\/p><\/form>\n[\/vc_column][\/vc_row]<\/p>\n<\/div>","protected":false},"excerpt":{"rendered":"<p>[vc_row][vc_column][vc_column_text] Kompania jon\u00eb \u00ebsht\u00eb n\u00eb kontakt t\u00eb vazhduesh\u00ebm me partner\u00eb komb\u00ebtar dhe nd\u00ebrkomb\u00ebtar. Ne u krijojm\u00eb mundesin\u00eb prodhuesve vendas p\u00ebr t\u00eb eksportuar produktet e tyre n\u00eb tregjet europiane. Gjithashtu jemi t\u00eb gatsh\u00ebm p\u00ebr t&#8217;ju krijuar partner\u00ebve nd\u00ebrkombetar akses sa m\u00eb t\u00eb leht\u00eb n\u00eb tregun shqiptar. P\u00ebr t\u00eb gjith\u00eb ata q\u00eb jane t\u00eb interesuar p\u00ebr k\u00ebto&hellip;<\/p>\n","protected":false},"author":3,"featured_media":0,"parent":0,"menu_order":0,"comment_status":"closed","ping_status":"closed","template":"","meta":{"footnotes":""},"class_list":["post-716","page","type-page","status-publish","hentry","description-off"],"_links":{"self":[{"href":"https:\/\/myhome.al\/index.php\/wp-json\/wp\/v2\/pages\/716","targetHints":{"allow":["GET"]}}],"collection":[{"href":"https:\/\/myhome.al\/index.php\/wp-json\/wp\/v2\/pages"}],"about":[{"href":"https:\/\/myhome.al\/index.php\/wp-json\/wp\/v2\/types\/page"}],"author":[{"embeddable":true,"href":"https:\/\/myhome.al\/index.php\/wp-json\/wp\/v2\/users\/3"}],"replies":[{"embeddable":true,"href":"https:\/\/myhome.al\/index.php\/wp-json\/wp\/v2\/comments?post=716"}],"version-history":[{"count":6,"href":"https:\/\/myhome.al\/index.php\/wp-json\/wp\/v2\/pages\/716\/revisions"}],"predecessor-version":[{"id":802,"href":"https:\/\/myhome.al\/index.php\/wp-json\/wp\/v2\/pages\/716\/revisions\/802"}],"wp:attachment":[{"href":"https:\/\/myhome.al\/index.php\/wp-json\/wp\/v2\/media?parent=716"}],"curies":[{"name":"wp","href":"https:\/\/api.w.org\/{rel}","templated":true}]}}